{"id":939,"date":"2016-09-21T16:06:00","date_gmt":"2016-09-21T16:06:00","guid":{"rendered":"https:\/\/www.gerardarlandes.com\/zentrum\/"},"modified":"2025-10-21T09:37:56","modified_gmt":"2025-10-21T09:37:56","slug":"zentrum","status":"publish","type":"page","link":"https:\/\/www.gerardarlandes.com\/de\/zentrum\/","title":{"rendered":"Ziele"},"content":{"rendered":"<p>Gerard Arlandes und Sybille Karsch sind eine taoistische Zelle, die 1982 gegr\u00fcndet wurde. Sie bieten Kurse und Ausbildung in Contemporary Chikung, Taichi und Shiatsu-Massagen, Workshops in taoistischen Silence Meditation und Entspannung. Klassen von Chikung for Better Sleep\u00ae: Schlafvers\u00f6hnung. Coaching f\u00fcr k\u00f6rperliche, philosophische, mentale und spirituelle Fragen und Iching-Beratungen.<br \/>\nUnser Motto ist Ora, Labora et Ama.<br \/>\nUnser Ziel ist es, den Menschen zu helfen, den Weg des Lebens auf die einfachste und angenehmste Weise zu gehen. Wir haben ein umfassendes Wissen \u00fcber Bewegung, K\u00f6rperbewusstsein, Psychologie und Philosophie. Wir haben Empathie mit dem Sch\u00fcler oder Klienten und vermitteln Werte, die auf Freundlichkeit, Humor, Geduld und Liebe basieren.<\/p>\n","protected":false},"excerpt":{"rendered":"<p>Gerard Arlandes und Sybille Karsch sind eine taoistische Zelle, die 1982 gegr\u00fcndet wurde. Sie bieten Kurse und Ausbildung in Contemporary Chikung, Taichi und Shiatsu-Massagen, Workshops in taoistischen Silence Meditation und Entspannung. Klassen von Chikung for Better Sleep\u00ae: Schlafvers\u00f6hnung. Coaching f\u00fcr k\u00f6rperliche, philosophische, mentale und spirituelle Fragen und Iching-Beratungen. Unser Motto ist Ora, Labora et Ama. [&hellip;]<\/p>\n","protected":false},"author":1,"featured_media":940,"parent":0,"menu_order":0,"comment_status":"closed","ping_status":"closed","template":"templates\/dms-template-center.php","meta":{"_acf_changed":false,"footnotes":""},"class_list":["post-939","page","type-page","status-publish","has-post-thumbnail","hentry"],"acf":[],"yoast_head":"<!-- This site is optimized with the Yoast SEO plugin v27.4 - https:\/\/yoast.com\/product\/yoast-seo-wordpress\/ -->\n<title>Taoistisches Meditationszentrum in Barcelona - Arlandes Center<\/title>\n<meta name=\"description\" content=\"Taoistisches Meditationszentrum mit zehnj\u00e4hriger Erfahrung. Qi Gong- und Taichi-Kurse, Shiatsu-Massagen und Meditations- und Entspannungsworkshops in Barcelona.\" \/>\n<meta name=\"robots\" content=\"index, follow, max-snippet:-1, max-image-preview:large, max-video-preview:-1\" \/>\n<link rel=\"canonical\" href=\"https:\/\/www.gerardarlandes.com\/de\/zentrum\/\" \/>\n<meta property=\"og:locale\" content=\"de_DE\" \/>\n<meta property=\"og:type\" content=\"article\" \/>\n<meta property=\"og:title\" content=\"Taoistisches Meditationszentrum in Barcelona - Arlandes Center\" \/>\n<meta property=\"og:description\" content=\"Taoistisches Meditationszentrum mit zehnj\u00e4hriger Erfahrung. Qi Gong- und Taichi-Kurse, Shiatsu-Massagen und Meditations- und Entspannungsworkshops in Barcelona.\" \/>\n<meta property=\"og:url\" content=\"https:\/\/www.gerardarlandes.com\/de\/zentrum\/\" \/>\n<meta property=\"og:site_name\" content=\"Arlandes Center\" \/>\n<meta property=\"article:publisher\" content=\"https:\/\/www.facebook.com\/CentreGerardArlandes\/?ref=ts\" \/>\n<meta property=\"article:modified_time\" content=\"2025-10-21T09:37:56+00:00\" \/>\n<meta property=\"og:image\" content=\"https:\/\/www.gerardarlandes.com\/wp-content\/uploads\/2016\/09\/el-centro.jpg\" \/>\n\t<meta property=\"og:image:width\" content=\"471\" \/>\n\t<meta property=\"og:image:height\" content=\"578\" \/>\n\t<meta property=\"og:image:type\" content=\"image\/jpeg\" \/>\n<meta name=\"twitter:card\" content=\"summary_large_image\" \/>\n<meta name=\"twitter:site\" content=\"@GerardArlandes\" \/>\n<meta name=\"twitter:label1\" content=\"Gesch\u00e4tzte Lesezeit\" \/>\n\t<meta name=\"twitter:data1\" content=\"1\u00a0Minute\" \/>\n<script type=\"application\/ld+json\" class=\"yoast-schema-graph\">{\"@context\":\"https:\\\/\\\/schema.org\",\"@graph\":[{\"@type\":\"WebPage\",\"@id\":\"https:\\\/\\\/www.gerardarlandes.com\\\/de\\\/zentrum\\\/\",\"url\":\"https:\\\/\\\/www.gerardarlandes.com\\\/de\\\/zentrum\\\/\",\"name\":\"Taoistisches Meditationszentrum in Barcelona - Arlandes Center\",\"isPartOf\":{\"@id\":\"https:\\\/\\\/www.gerardarlandes.com\\\/de\\\/#website\"},\"primaryImageOfPage\":{\"@id\":\"https:\\\/\\\/www.gerardarlandes.com\\\/de\\\/zentrum\\\/#primaryimage\"},\"image\":{\"@id\":\"https:\\\/\\\/www.gerardarlandes.com\\\/de\\\/zentrum\\\/#primaryimage\"},\"thumbnailUrl\":\"https:\\\/\\\/www.gerardarlandes.com\\\/wp-content\\\/uploads\\\/2016\\\/09\\\/el-centro.jpg\",\"datePublished\":\"2016-09-21T16:06:00+00:00\",\"dateModified\":\"2025-10-21T09:37:56+00:00\",\"description\":\"Taoistisches Meditationszentrum mit zehnj\u00e4hriger Erfahrung. Qi Gong- und Taichi-Kurse, Shiatsu-Massagen und Meditations- und Entspannungsworkshops in Barcelona.\",\"breadcrumb\":{\"@id\":\"https:\\\/\\\/www.gerardarlandes.com\\\/de\\\/zentrum\\\/#breadcrumb\"},\"inLanguage\":\"de\",\"potentialAction\":[{\"@type\":\"ReadAction\",\"target\":[\"https:\\\/\\\/www.gerardarlandes.com\\\/de\\\/zentrum\\\/\"]}]},{\"@type\":\"ImageObject\",\"inLanguage\":\"de\",\"@id\":\"https:\\\/\\\/www.gerardarlandes.com\\\/de\\\/zentrum\\\/#primaryimage\",\"url\":\"https:\\\/\\\/www.gerardarlandes.com\\\/wp-content\\\/uploads\\\/2016\\\/09\\\/el-centro.jpg\",\"contentUrl\":\"https:\\\/\\\/www.gerardarlandes.com\\\/wp-content\\\/uploads\\\/2016\\\/09\\\/el-centro.jpg\",\"width\":471,\"height\":578},{\"@type\":\"BreadcrumbList\",\"@id\":\"https:\\\/\\\/www.gerardarlandes.com\\\/de\\\/zentrum\\\/#breadcrumb\",\"itemListElement\":[{\"@type\":\"ListItem\",\"position\":1,\"name\":\"Portada\",\"item\":\"https:\\\/\\\/www.gerardarlandes.com\\\/de\\\/\"},{\"@type\":\"ListItem\",\"position\":2,\"name\":\"Ziele\"}]},{\"@type\":\"WebSite\",\"@id\":\"https:\\\/\\\/www.gerardarlandes.com\\\/de\\\/#website\",\"url\":\"https:\\\/\\\/www.gerardarlandes.com\\\/de\\\/\",\"name\":\"Centre Arlandes\",\"description\":\"Kurse und Workshops in Qigong, Taiji, Meditation und Ausbildung fuer Profis in Barcelona.\",\"publisher\":{\"@id\":\"https:\\\/\\\/www.gerardarlandes.com\\\/de\\\/#organization\"},\"potentialAction\":[{\"@type\":\"SearchAction\",\"target\":{\"@type\":\"EntryPoint\",\"urlTemplate\":\"https:\\\/\\\/www.gerardarlandes.com\\\/de\\\/?s={search_term_string}\"},\"query-input\":{\"@type\":\"PropertyValueSpecification\",\"valueRequired\":true,\"valueName\":\"search_term_string\"}}],\"inLanguage\":\"de\"},{\"@type\":\"Organization\",\"@id\":\"https:\\\/\\\/www.gerardarlandes.com\\\/de\\\/#organization\",\"name\":\"Centre Arlandes\",\"url\":\"https:\\\/\\\/www.gerardarlandes.com\\\/de\\\/\",\"logo\":{\"@type\":\"ImageObject\",\"inLanguage\":\"de\",\"@id\":\"https:\\\/\\\/www.gerardarlandes.com\\\/de\\\/#\\\/schema\\\/logo\\\/image\\\/\",\"url\":\"https:\\\/\\\/www.gerardarlandes.com\\\/wp-content\\\/uploads\\\/2016\\\/09\\\/logo_header_2.gif\",\"contentUrl\":\"https:\\\/\\\/www.gerardarlandes.com\\\/wp-content\\\/uploads\\\/2016\\\/09\\\/logo_header_2.gif\",\"width\":528,\"height\":74,\"caption\":\"Centre Arlandes\"},\"image\":{\"@id\":\"https:\\\/\\\/www.gerardarlandes.com\\\/de\\\/#\\\/schema\\\/logo\\\/image\\\/\"},\"sameAs\":[\"https:\\\/\\\/www.facebook.com\\\/CentreGerardArlandes\\\/?ref=ts\",\"https:\\\/\\\/x.com\\\/GerardArlandes\",\"https:\\\/\\\/www.youtube.com\\\/channel\\\/UCDYJYCraYsK4wZIR3z0JOrA\"]}]}<\/script>\n<!-- \/ Yoast SEO plugin. -->","yoast_head_json":{"title":"Taoistisches Meditationszentrum in Barcelona - Arlandes Center","description":"Taoistisches Meditationszentrum mit zehnj\u00e4hriger Erfahrung. Qi Gong- und Taichi-Kurse, Shiatsu-Massagen und Meditations- und Entspannungsworkshops in Barcelona.","robots":{"index":"index","follow":"follow","max-snippet":"max-snippet:-1","max-image-preview":"max-image-preview:large","max-video-preview":"max-video-preview:-1"},"canonical":"https:\/\/www.gerardarlandes.com\/de\/zentrum\/","og_locale":"de_DE","og_type":"article","og_title":"Taoistisches Meditationszentrum in Barcelona - Arlandes Center","og_description":"Taoistisches Meditationszentrum mit zehnj\u00e4hriger Erfahrung. Qi Gong- und Taichi-Kurse, Shiatsu-Massagen und Meditations- und Entspannungsworkshops in Barcelona.","og_url":"https:\/\/www.gerardarlandes.com\/de\/zentrum\/","og_site_name":"Arlandes Center","article_publisher":"https:\/\/www.facebook.com\/CentreGerardArlandes\/?ref=ts","article_modified_time":"2025-10-21T09:37:56+00:00","og_image":[{"width":471,"height":578,"url":"https:\/\/www.gerardarlandes.com\/wp-content\/uploads\/2016\/09\/el-centro.jpg","type":"image\/jpeg"}],"twitter_card":"summary_large_image","twitter_site":"@GerardArlandes","twitter_misc":{"Gesch\u00e4tzte Lesezeit":"1\u00a0Minute"},"schema":{"@context":"https:\/\/schema.org","@graph":[{"@type":"WebPage","@id":"https:\/\/www.gerardarlandes.com\/de\/zentrum\/","url":"https:\/\/www.gerardarlandes.com\/de\/zentrum\/","name":"Taoistisches Meditationszentrum in Barcelona - Arlandes Center","isPartOf":{"@id":"https:\/\/www.gerardarlandes.com\/de\/#website"},"primaryImageOfPage":{"@id":"https:\/\/www.gerardarlandes.com\/de\/zentrum\/#primaryimage"},"image":{"@id":"https:\/\/www.gerardarlandes.com\/de\/zentrum\/#primaryimage"},"thumbnailUrl":"https:\/\/www.gerardarlandes.com\/wp-content\/uploads\/2016\/09\/el-centro.jpg","datePublished":"2016-09-21T16:06:00+00:00","dateModified":"2025-10-21T09:37:56+00:00","description":"Taoistisches Meditationszentrum mit zehnj\u00e4hriger Erfahrung. Qi Gong- und Taichi-Kurse, Shiatsu-Massagen und Meditations- und Entspannungsworkshops in Barcelona.","breadcrumb":{"@id":"https:\/\/www.gerardarlandes.com\/de\/zentrum\/#breadcrumb"},"inLanguage":"de","potentialAction":[{"@type":"ReadAction","target":["https:\/\/www.gerardarlandes.com\/de\/zentrum\/"]}]},{"@type":"ImageObject","inLanguage":"de","@id":"https:\/\/www.gerardarlandes.com\/de\/zentrum\/#primaryimage","url":"https:\/\/www.gerardarlandes.com\/wp-content\/uploads\/2016\/09\/el-centro.jpg","contentUrl":"https:\/\/www.gerardarlandes.com\/wp-content\/uploads\/2016\/09\/el-centro.jpg","width":471,"height":578},{"@type":"BreadcrumbList","@id":"https:\/\/www.gerardarlandes.com\/de\/zentrum\/#breadcrumb","itemListElement":[{"@type":"ListItem","position":1,"name":"Portada","item":"https:\/\/www.gerardarlandes.com\/de\/"},{"@type":"ListItem","position":2,"name":"Ziele"}]},{"@type":"WebSite","@id":"https:\/\/www.gerardarlandes.com\/de\/#website","url":"https:\/\/www.gerardarlandes.com\/de\/","name":"Centre Arlandes","description":"Kurse und Workshops in Qigong, Taiji, Meditation und Ausbildung fuer Profis in Barcelona.","publisher":{"@id":"https:\/\/www.gerardarlandes.com\/de\/#organization"},"potentialAction":[{"@type":"SearchAction","target":{"@type":"EntryPoint","urlTemplate":"https:\/\/www.gerardarlandes.com\/de\/?s={search_term_string}"},"query-input":{"@type":"PropertyValueSpecification","valueRequired":true,"valueName":"search_term_string"}}],"inLanguage":"de"},{"@type":"Organization","@id":"https:\/\/www.gerardarlandes.com\/de\/#organization","name":"Centre Arlandes","url":"https:\/\/www.gerardarlandes.com\/de\/","logo":{"@type":"ImageObject","inLanguage":"de","@id":"https:\/\/www.gerardarlandes.com\/de\/#\/schema\/logo\/image\/","url":"https:\/\/www.gerardarlandes.com\/wp-content\/uploads\/2016\/09\/logo_header_2.gif","contentUrl":"https:\/\/www.gerardarlandes.com\/wp-content\/uploads\/2016\/09\/logo_header_2.gif","width":528,"height":74,"caption":"Centre Arlandes"},"image":{"@id":"https:\/\/www.gerardarlandes.com\/de\/#\/schema\/logo\/image\/"},"sameAs":["https:\/\/www.facebook.com\/CentreGerardArlandes\/?ref=ts","https:\/\/x.com\/GerardArlandes","https:\/\/www.youtube.com\/channel\/UCDYJYCraYsK4wZIR3z0JOrA"]}]}},"_links":{"self":[{"href":"https:\/\/www.gerardarlandes.com\/de\/wp-json\/wp\/v2\/pages\/939","targetHints":{"allow":["GET"]}}],"collection":[{"href":"https:\/\/www.gerardarlandes.com\/de\/wp-json\/wp\/v2\/pages"}],"about":[{"href":"https:\/\/www.gerardarlandes.com\/de\/wp-json\/wp\/v2\/types\/page"}],"author":[{"embeddable":true,"href":"https:\/\/www.gerardarlandes.com\/de\/wp-json\/wp\/v2\/users\/1"}],"replies":[{"embeddable":true,"href":"https:\/\/www.gerardarlandes.com\/de\/wp-json\/wp\/v2\/comments?post=939"}],"version-history":[{"count":6,"href":"https:\/\/www.gerardarlandes.com\/de\/wp-json\/wp\/v2\/pages\/939\/revisions"}],"predecessor-version":[{"id":1304,"href":"https:\/\/www.gerardarlandes.com\/de\/wp-json\/wp\/v2\/pages\/939\/revisions\/1304"}],"wp:featuredmedia":[{"embeddable":true,"href":"https:\/\/www.gerardarlandes.com\/de\/wp-json\/wp\/v2\/media\/940"}],"wp:attachment":[{"href":"https:\/\/www.gerardarlandes.com\/de\/wp-json\/wp\/v2\/media?parent=939"}],"curies":[{"name":"wp","href":"https:\/\/api.w.org\/{rel}","templated":true}]}}