{"id":978,"date":"2016-09-21T16:13:23","date_gmt":"2016-09-21T16:13:23","guid":{"rendered":"https:\/\/www.gerardarlandes.com\/rechtlicher-hinweis\/"},"modified":"2024-01-17T10:01:05","modified_gmt":"2024-01-17T10:01:05","slug":"rechtlicher-hinweis","status":"publish","type":"page","link":"https:\/\/www.gerardarlandes.com\/de\/rechtlicher-hinweis\/","title":{"rendered":"Rechtlicher Hinweis"},"content":{"rendered":"<p><strong>1. Informaci\u00f3n general<\/strong><\/p>\n<p>El titular de la p\u00e1gina web es Gerard Arlandes Ma\u00f1\u00e0 (en adelante \u201cGerard Arlandes\u201d o &#8220;Nosotros&#8221;), con domicilio en C\/ Muntaner 45, 2\u00ba, 1\u00aa de Barcelona, CP 08011, con el NIF 40903813S.<\/p>\n<p>Puedes ponerte en contacto con nosotros por medio de nuestro correo electr\u00f3nico info@gerardarlandes.com o del tel\u00e9fono 629730840. Nuestro horario de atenci\u00f3n al cliente es de lunes a jueves de 10 a 13 horas y de 16 a 20 horas.<\/p>\n<p><strong>2. Aviso Legal<\/strong><\/p>\n<p>Por la navegaci\u00f3n por la p\u00e1gina web (en adelante, la &#8220;P\u00e1gina Web&#8221;), adquieres la condici\u00f3n de usuario (en adelante, el &#8220;Usuario&#8221;) y aceptas sin reservas de ninguna clase todos los t\u00e9rminos del presente Aviso.<\/p>\n<p>No seremos responsables, ni indirecta ni subsidiariamente de los da\u00f1os y perjuicios de cualquier naturaleza derivadas del uso de la P\u00e1gina Web que sea contrario a lo establecido en este Aviso Legal y en la Pol\u00edtica de Privacidad.<\/p>\n<p>Podremos en todo momento y sin previo aviso modificar el presente Aviso Legal, as\u00ed como la Pol\u00edtica de Privacidad mediante la publicaci\u00f3n de dichas modificaciones en la P\u00e1gina Web con el fin de que puedan ser conocidas por ti.<\/p>\n<p><strong>3. Derechos de Propiedad Intelectual e Industrial<\/strong><\/p>\n<p>La P\u00e1gina Web, incluyendo a t\u00edtulo enunciativo pero no limitativo su programaci\u00f3n, edici\u00f3n, compilaci\u00f3n, dise\u00f1os, marcas, logotipos, im\u00e1genes, texto y gr\u00e1ficos, son propiedad de Gerard Arlandes, encontr\u00e1ndose protegidos por la normativa nacional e internacional sobre propiedad intelectual. El acceso por parte del Usuario a la P\u00e1gina Web no le otorga ning\u00fan derecho de propiedad sobre los mismos.<\/p>\n<p>Si encuentras en la P\u00e1gina Web o por medio de la utilizaci\u00f3n del Servicio cualquier contenido que pudiera vulnerar derechos de propiedad intelectual e industrial, rogamos lo pongan en conocimiento de Gerard Arlandes con la mayor brevedad posible, remitiendo un correo electr\u00f3nico a la direcci\u00f3n info@gerardarlandes.com.<\/p>\n<p><strong>4. Responsabilidad Civil<\/strong><\/p>\n<p>El contenido de la P\u00e1gina Web es conforme a la legislaci\u00f3n espa\u00f1ola. La responsabilidad de Gerard Arlandes no puede invocarse en el caso de productos no conformes a la legislaci\u00f3n de terceros pa\u00edses. Corresponde pues, a los Usuarios de fuera de Espa\u00f1a el verificar la legalidad de nuestros contenidos en sus respectivos pa\u00edses.<\/p>\n<p>Solamente responderemos de los da\u00f1os y perjuicios que puedas sufrir como consecuencia de la utilizaci\u00f3n de la P\u00e1gina Web cuando dichos da\u00f1os sean directamente imputables a una actuaci\u00f3n dolosa o negligente de Gerard Arlandes y en la actuaci\u00f3n del Usuario no concurriera culpa o negligencia. No existir\u00e1, en cualquier caso, actuaci\u00f3n dolosa o negligente por parte de Gerard Arlandes cuando pruebe que ha cumplido las exigencias y requisitos legal y reglamentariamente establecidos y los dem\u00e1s cuidados y diligencias que exige la naturaleza del servicio.<br \/>\nNo controlamos, con car\u00e1cter general, la utilizaci\u00f3n que los Usuarios hacen de la P\u00e1gina Web, del blog y de las redes sociales asociadas. En particular no garantizamos bajo ning\u00fan extremo que los Usuarios utilicen estos servicios de conformidad con la ley, el presente Aviso legal, la moral y buenas costumbres generalmente aceptadas y el orden p\u00fablico, ni tampoco que lo hagan de forma diligente y prudente.<\/p>\n<p>No ejerceremos ning\u00fan tipo de control sobre los enlaces o hiperv\u00ednculos hacia otros lugares de Internet. En ning\u00fan caso Gerard Arlandes asumir\u00e1 responsabilidad alguna por los contenidos de alg\u00fan enlace perteneciente a una web ajena, ni garantizar\u00e1 la disponibilidad t\u00e9cnica, calidad y veracidad de cualquier material o informaci\u00f3n contenida en cabeza de los hiperv\u00ednculos u otros lugares de Internet.<\/p>\n<p><strong>5. Exclusi\u00f3n de Garant\u00eda<\/strong><\/p>\n<p>No garantizamos que la navegaci\u00f3n por la P\u00e1gina Web se ejecute sin interrupciones en tiempo \u00fatil, confiable o libre de errores. No garantizamos que la P\u00e1gina Web y el servidor est\u00e9n libres de virus y no nos hacemos responsables de los posibles da\u00f1os o perjuicios que se puedan derivar de interferencias, omisiones, interrupciones, virus inform\u00e1ticos o desconexiones en el sistema operativo de ese sistema electr\u00f3nico, motivadas por causas ajenas a Gerard Arlandes.<\/p>\n<p>Es responsabilidad del Usuario adoptar todas las medidas t\u00e9cnicas adecuadas para controlar razonablemente estos riesgos y evitar da\u00f1os en sus equipos, p\u00e9rdida de datos y robo de informaci\u00f3n confidencial. A estos efectos, debe tener sistemas actualizados de detecci\u00f3n de software malicioso, tales como virus, troyanos, etc., as\u00ed como tener actualizados los parches de seguridad de los correspondientes navegadores que utilice.<\/p>\n<p>Nos comprometemos a realizar nuestros mejores esfuerzos para evitar cualquier error en los contenidos que pudieran aparecer en la P\u00e1gina Web. En cualquier caso, estaremos exentos de cualquier responsabilidad derivada de eventuales errores en los contenidos que pudieran aparecer en la misma.<\/p>\n<p>No seremos responsables por los contenidos ajenos que transmitamos, alojemos o a los que facilitemos el acceso cuando actuamos como mero intermediario. En cualquier caso, nos comprometemos a retirar inmediatamente el contenido ilegal de la P\u00e1gina Web o del Servicio en cuento tengamos conocimiento efectivo de ello.<\/p>\n<p><strong>6. Obligaci\u00f3n de los Usuarios<\/strong><\/p>\n<p>A titulo enunciativo, y en ning\u00fan caso limitativo o excluyente, el Usuario se compromete a:<\/p>\n<p>a) Utilizar su identidad real en todos los formularios de la P\u00e1gina Web. Queda prohibida la suplantaci\u00f3n de personalidad de otros individuos o entidades;<\/p>\n<p>b) No introducir, almacenar o difundir en o desde la P\u00e1gina Web cualquier informaci\u00f3n de car\u00e1cter difamatorio, injurioso, obsceno, amenazador, xen\u00f3fobo, que incite a la violencia a la discriminaci\u00f3n por raz\u00f3n de raza, sexo, ideolog\u00eda, religi\u00f3n o que de cualquier forma atente contra la moral, el orden p\u00fablico, los derechos fundamentales, las libertas p\u00fablicas, el honor, la intimidad o la imagen de terceros y en general la normativa vigente;<\/p>\n<p>c) No introducir, almacenar o difundir en o desde la P\u00e1gina Web cualquier contenido que infrinja derechos de propiedad intelectual e industrial, el secreto de las comunicaciones y la legislaci\u00f3n de protecci\u00f3n de datos de car\u00e1cter personal;<\/p>\n<p>d) No introducir, almacenar o difundir mediante la P\u00e1gina Web ning\u00fan programa de ordenador, datos, virus, c\u00f3digo, equipo de hardware o de telecomunicaciones o cualquier otro instrumento o dispositivo electr\u00f3nico o f\u00edsico que sea susceptible de causar da\u00f1os a la p\u00e1gina web, a cualquier Usuario, a los proveedores de Gerard Arlandes o en general a cualquier tercero, o de impedir el normal funcionamiento de los mismos;<\/p>\n<p>e) No destruir, alterar, utilizar para su uso, inutilizar o da\u00f1ar los datos, informaciones, programas o documentos electr\u00f3nicos de Gerard Arlandes sus proveedores o terceros;<\/p>\n<p>f) El Usuario acepta no llevar a cabo ninguna acci\u00f3n que provoque una saturaci\u00f3n desproporcionada o innecesaria en la infraestructura de la P\u00e1gina Web o en los sistemas o redes de Gerard Arlandes as\u00ed como en los sistemas y redes conectados a la P\u00e1gina Web<\/p>\n<p><strong>7. Menores de Edad<\/strong><\/p>\n<p>Con car\u00e1cter general, para contratar los servicios ofrecidos por la P\u00e1gina Web los menores de edad deben haber obtenido previamente la autorizaci\u00f3n de sus padres, tutores o representantes legales, quienes ser\u00e1n responsables de todos los actos realizados a trav\u00e9s de la P\u00e1gina Web por los menores a su cargo. En aquellos casos en los que expresamente se se\u00f1ale o que est\u00e9 determinado por ley, el acceso quedar\u00e1 restringido \u00fanica y exclusivamente a mayores de 18 a\u00f1os.<\/p>\n<p><strong>8. Cookies<\/strong><\/p>\n<p>Una cookie es un fichero que se descarga en su ordenador al acceder a determinadas p\u00e1ginas web. Las cookies permiten a una p\u00e1gina web, entre otras cosas, almacenar y recuperar informaci\u00f3n sobre los h\u00e1bitos de navegaci\u00f3n de un usuario o de su equipo y, dependiendo de la informaci\u00f3n que contengan y de la forma en que utilice su equipo, pueden utilizarse para reconocer al usuario.<\/p>\n<p>Nosotros solamente utilizamos cookies de sesi\u00f3n, que son aqu\u00e9llas que permiten a la Web mantener un seguimiento del movimiento del usuario de una a otra p\u00e1gina, de forma que no le pedir\u00e1 la informaci\u00f3n que ya haya sido suministrada anteriormente. Las cookies se sesi\u00f3n permiten al usuario moverse por muchas p\u00e1ginas de un mismo sitio de manera r\u00e1pida y f\u00e1cil, sin tener que autentificarse de nuevo o volver a iniciar el proceso en cada zona que visite.<\/p>\n<p>El Usuario puede permitir, bloquear o eliminar las cookies instaladas en su equipo mediante la configuraci\u00f3n de las opciones del navegador instalado en su ordenador.<\/p>\n<p><strong>9. Duraci\u00f3n y terminaci\u00f3n<\/strong><\/p>\n<p>La prestaci\u00f3n de los servicios ofrecidos en la P\u00e1gina Web tiene una duraci\u00f3n indefinida. Sin perjuicio de lo anterior, Gerard Arlandes est\u00e1 facultado para retirar un servicio, suspender o interrumpir unilateralmente su prestaci\u00f3n, en cualquier momento y sin necesidad de preaviso.<\/p>\n<p><strong>10. Ley aplicable y jurisdicci\u00f3n<\/strong><\/p>\n<p>Todas las cuestiones relativas a la P\u00e1gina Web se rigen por las Leyes espa\u00f1olas y se someten a la jurisdicci\u00f3n de los Juzgados y Tribunales competentes de Barcelona.<\/p>\n","protected":false},"excerpt":{"rendered":"<p>1. Informaci\u00f3n general El titular de la p\u00e1gina web es Gerard Arlandes Ma\u00f1\u00e0 (en adelante \u201cGerard Arlandes\u201d o &#8220;Nosotros&#8221;), con domicilio en C\/ Muntaner 45, 2\u00ba, 1\u00aa de Barcelona, CP 08011, con el NIF 40903813S. Puedes ponerte en contacto con nosotros por medio de nuestro correo electr\u00f3nico info@gerardarlandes.com o del tel\u00e9fono 629730840. Nuestro horario de [&hellip;]<\/p>\n","protected":false},"author":1,"featured_media":0,"parent":0,"menu_order":0,"comment_status":"closed","ping_status":"closed","template":"","meta":{"_acf_changed":false,"footnotes":""},"class_list":["post-978","page","type-page","status-publish","hentry"],"acf":[],"yoast_head":"<!-- This site is optimized with the Yoast SEO plugin v27.4 - https:\/\/yoast.com\/product\/yoast-seo-wordpress\/ -->\n<title>Rechtlicher Hinweis - Arlandes Center<\/title>\n<meta name=\"robots\" content=\"index, follow, max-snippet:-1, max-image-preview:large, max-video-preview:-1\" \/>\n<link rel=\"canonical\" href=\"https:\/\/www.gerardarlandes.com\/de\/rechtlicher-hinweis\/\" \/>\n<meta property=\"og:locale\" content=\"de_DE\" \/>\n<meta property=\"og:type\" content=\"article\" \/>\n<meta property=\"og:title\" content=\"Rechtlicher Hinweis - Arlandes Center\" \/>\n<meta property=\"og:description\" content=\"1. Informaci\u00f3n general El titular de la p\u00e1gina web es Gerard Arlandes Ma\u00f1\u00e0 (en adelante \u201cGerard Arlandes\u201d o &#8220;Nosotros&#8221;), con domicilio en C\/ Muntaner 45, 2\u00ba, 1\u00aa de Barcelona, CP 08011, con el NIF 40903813S. Puedes ponerte en contacto con nosotros por medio de nuestro correo electr\u00f3nico info@gerardarlandes.com o del tel\u00e9fono 629730840. Nuestro horario de [&hellip;]\" \/>\n<meta property=\"og:url\" content=\"https:\/\/www.gerardarlandes.com\/de\/rechtlicher-hinweis\/\" \/>\n<meta property=\"og:site_name\" content=\"Arlandes Center\" \/>\n<meta property=\"article:publisher\" content=\"https:\/\/www.facebook.com\/CentreGerardArlandes\/?ref=ts\" \/>\n<meta property=\"article:modified_time\" content=\"2024-01-17T10:01:05+00:00\" \/>\n<meta name=\"twitter:card\" content=\"summary_large_image\" \/>\n<meta name=\"twitter:site\" content=\"@GerardArlandes\" \/>\n<meta name=\"twitter:label1\" content=\"Gesch\u00e4tzte Lesezeit\" \/>\n\t<meta name=\"twitter:data1\" content=\"8\u00a0Minuten\" \/>\n<script type=\"application\/ld+json\" class=\"yoast-schema-graph\">{\"@context\":\"https:\\\/\\\/schema.org\",\"@graph\":[{\"@type\":\"WebPage\",\"@id\":\"https:\\\/\\\/www.gerardarlandes.com\\\/de\\\/rechtlicher-hinweis\\\/\",\"url\":\"https:\\\/\\\/www.gerardarlandes.com\\\/de\\\/rechtlicher-hinweis\\\/\",\"name\":\"Rechtlicher Hinweis - Arlandes Center\",\"isPartOf\":{\"@id\":\"https:\\\/\\\/www.gerardarlandes.com\\\/de\\\/#website\"},\"datePublished\":\"2016-09-21T16:13:23+00:00\",\"dateModified\":\"2024-01-17T10:01:05+00:00\",\"breadcrumb\":{\"@id\":\"https:\\\/\\\/www.gerardarlandes.com\\\/de\\\/rechtlicher-hinweis\\\/#breadcrumb\"},\"inLanguage\":\"de\",\"potentialAction\":[{\"@type\":\"ReadAction\",\"target\":[\"https:\\\/\\\/www.gerardarlandes.com\\\/de\\\/rechtlicher-hinweis\\\/\"]}]},{\"@type\":\"BreadcrumbList\",\"@id\":\"https:\\\/\\\/www.gerardarlandes.com\\\/de\\\/rechtlicher-hinweis\\\/#breadcrumb\",\"itemListElement\":[{\"@type\":\"ListItem\",\"position\":1,\"name\":\"Portada\",\"item\":\"https:\\\/\\\/www.gerardarlandes.com\\\/de\\\/\"},{\"@type\":\"ListItem\",\"position\":2,\"name\":\"Rechtlicher Hinweis\"}]},{\"@type\":\"WebSite\",\"@id\":\"https:\\\/\\\/www.gerardarlandes.com\\\/de\\\/#website\",\"url\":\"https:\\\/\\\/www.gerardarlandes.com\\\/de\\\/\",\"name\":\"Centre Arlandes\",\"description\":\"Kurse und Workshops in Qigong, Taiji, Meditation und Ausbildung fuer Profis in Barcelona.\",\"publisher\":{\"@id\":\"https:\\\/\\\/www.gerardarlandes.com\\\/de\\\/#organization\"},\"potentialAction\":[{\"@type\":\"SearchAction\",\"target\":{\"@type\":\"EntryPoint\",\"urlTemplate\":\"https:\\\/\\\/www.gerardarlandes.com\\\/de\\\/?s={search_term_string}\"},\"query-input\":{\"@type\":\"PropertyValueSpecification\",\"valueRequired\":true,\"valueName\":\"search_term_string\"}}],\"inLanguage\":\"de\"},{\"@type\":\"Organization\",\"@id\":\"https:\\\/\\\/www.gerardarlandes.com\\\/de\\\/#organization\",\"name\":\"Centre Arlandes\",\"url\":\"https:\\\/\\\/www.gerardarlandes.com\\\/de\\\/\",\"logo\":{\"@type\":\"ImageObject\",\"inLanguage\":\"de\",\"@id\":\"https:\\\/\\\/www.gerardarlandes.com\\\/de\\\/#\\\/schema\\\/logo\\\/image\\\/\",\"url\":\"https:\\\/\\\/www.gerardarlandes.com\\\/wp-content\\\/uploads\\\/2016\\\/09\\\/logo_header_2.gif\",\"contentUrl\":\"https:\\\/\\\/www.gerardarlandes.com\\\/wp-content\\\/uploads\\\/2016\\\/09\\\/logo_header_2.gif\",\"width\":528,\"height\":74,\"caption\":\"Centre Arlandes\"},\"image\":{\"@id\":\"https:\\\/\\\/www.gerardarlandes.com\\\/de\\\/#\\\/schema\\\/logo\\\/image\\\/\"},\"sameAs\":[\"https:\\\/\\\/www.facebook.com\\\/CentreGerardArlandes\\\/?ref=ts\",\"https:\\\/\\\/x.com\\\/GerardArlandes\",\"https:\\\/\\\/www.youtube.com\\\/channel\\\/UCDYJYCraYsK4wZIR3z0JOrA\"]}]}<\/script>\n<!-- \/ Yoast SEO plugin. -->","yoast_head_json":{"title":"Rechtlicher Hinweis - Arlandes Center","robots":{"index":"index","follow":"follow","max-snippet":"max-snippet:-1","max-image-preview":"max-image-preview:large","max-video-preview":"max-video-preview:-1"},"canonical":"https:\/\/www.gerardarlandes.com\/de\/rechtlicher-hinweis\/","og_locale":"de_DE","og_type":"article","og_title":"Rechtlicher Hinweis - Arlandes Center","og_description":"1. Informaci\u00f3n general El titular de la p\u00e1gina web es Gerard Arlandes Ma\u00f1\u00e0 (en adelante \u201cGerard Arlandes\u201d o &#8220;Nosotros&#8221;), con domicilio en C\/ Muntaner 45, 2\u00ba, 1\u00aa de Barcelona, CP 08011, con el NIF 40903813S. Puedes ponerte en contacto con nosotros por medio de nuestro correo electr\u00f3nico info@gerardarlandes.com o del tel\u00e9fono 629730840. Nuestro horario de [&hellip;]","og_url":"https:\/\/www.gerardarlandes.com\/de\/rechtlicher-hinweis\/","og_site_name":"Arlandes Center","article_publisher":"https:\/\/www.facebook.com\/CentreGerardArlandes\/?ref=ts","article_modified_time":"2024-01-17T10:01:05+00:00","twitter_card":"summary_large_image","twitter_site":"@GerardArlandes","twitter_misc":{"Gesch\u00e4tzte Lesezeit":"8\u00a0Minuten"},"schema":{"@context":"https:\/\/schema.org","@graph":[{"@type":"WebPage","@id":"https:\/\/www.gerardarlandes.com\/de\/rechtlicher-hinweis\/","url":"https:\/\/www.gerardarlandes.com\/de\/rechtlicher-hinweis\/","name":"Rechtlicher Hinweis - Arlandes Center","isPartOf":{"@id":"https:\/\/www.gerardarlandes.com\/de\/#website"},"datePublished":"2016-09-21T16:13:23+00:00","dateModified":"2024-01-17T10:01:05+00:00","breadcrumb":{"@id":"https:\/\/www.gerardarlandes.com\/de\/rechtlicher-hinweis\/#breadcrumb"},"inLanguage":"de","potentialAction":[{"@type":"ReadAction","target":["https:\/\/www.gerardarlandes.com\/de\/rechtlicher-hinweis\/"]}]},{"@type":"BreadcrumbList","@id":"https:\/\/www.gerardarlandes.com\/de\/rechtlicher-hinweis\/#breadcrumb","itemListElement":[{"@type":"ListItem","position":1,"name":"Portada","item":"https:\/\/www.gerardarlandes.com\/de\/"},{"@type":"ListItem","position":2,"name":"Rechtlicher Hinweis"}]},{"@type":"WebSite","@id":"https:\/\/www.gerardarlandes.com\/de\/#website","url":"https:\/\/www.gerardarlandes.com\/de\/","name":"Centre Arlandes","description":"Kurse und Workshops in Qigong, Taiji, Meditation und Ausbildung fuer Profis in Barcelona.","publisher":{"@id":"https:\/\/www.gerardarlandes.com\/de\/#organization"},"potentialAction":[{"@type":"SearchAction","target":{"@type":"EntryPoint","urlTemplate":"https:\/\/www.gerardarlandes.com\/de\/?s={search_term_string}"},"query-input":{"@type":"PropertyValueSpecification","valueRequired":true,"valueName":"search_term_string"}}],"inLanguage":"de"},{"@type":"Organization","@id":"https:\/\/www.gerardarlandes.com\/de\/#organization","name":"Centre Arlandes","url":"https:\/\/www.gerardarlandes.com\/de\/","logo":{"@type":"ImageObject","inLanguage":"de","@id":"https:\/\/www.gerardarlandes.com\/de\/#\/schema\/logo\/image\/","url":"https:\/\/www.gerardarlandes.com\/wp-content\/uploads\/2016\/09\/logo_header_2.gif","contentUrl":"https:\/\/www.gerardarlandes.com\/wp-content\/uploads\/2016\/09\/logo_header_2.gif","width":528,"height":74,"caption":"Centre Arlandes"},"image":{"@id":"https:\/\/www.gerardarlandes.com\/de\/#\/schema\/logo\/image\/"},"sameAs":["https:\/\/www.facebook.com\/CentreGerardArlandes\/?ref=ts","https:\/\/x.com\/GerardArlandes","https:\/\/www.youtube.com\/channel\/UCDYJYCraYsK4wZIR3z0JOrA"]}]}},"_links":{"self":[{"href":"https:\/\/www.gerardarlandes.com\/de\/wp-json\/wp\/v2\/pages\/978","targetHints":{"allow":["GET"]}}],"collection":[{"href":"https:\/\/www.gerardarlandes.com\/de\/wp-json\/wp\/v2\/pages"}],"about":[{"href":"https:\/\/www.gerardarlandes.com\/de\/wp-json\/wp\/v2\/types\/page"}],"author":[{"embeddable":true,"href":"https:\/\/www.gerardarlandes.com\/de\/wp-json\/wp\/v2\/users\/1"}],"replies":[{"embeddable":true,"href":"https:\/\/www.gerardarlandes.com\/de\/wp-json\/wp\/v2\/comments?post=978"}],"version-history":[{"count":1,"href":"https:\/\/www.gerardarlandes.com\/de\/wp-json\/wp\/v2\/pages\/978\/revisions"}],"predecessor-version":[{"id":1105,"href":"https:\/\/www.gerardarlandes.com\/de\/wp-json\/wp\/v2\/pages\/978\/revisions\/1105"}],"wp:attachment":[{"href":"https:\/\/www.gerardarlandes.com\/de\/wp-json\/wp\/v2\/media?parent=978"}],"curies":[{"name":"wp","href":"https:\/\/api.w.org\/{rel}","templated":true}]}}