{"id":986,"date":"2018-06-14T15:50:41","date_gmt":"2018-06-14T15:50:41","guid":{"rendered":"https:\/\/www.gerardarlandes.com\/datenschutzrichtlinie\/"},"modified":"2018-06-14T15:50:41","modified_gmt":"2018-06-14T15:50:41","slug":"datenschutzrichtlinie","status":"publish","type":"page","link":"https:\/\/www.gerardarlandes.com\/de\/datenschutzrichtlinie\/","title":{"rendered":"Datenschutzrichtlinie"},"content":{"rendered":"<p>Wir informieren Sie dar\u00fcber, dass wir gem\u00e4\u00df der Datenschutzrichtlinie (EU) 2016\/679 folgende Informationen zur Verf\u00fcgung stellen: Die f\u00fcr die Verarbeitung Ihrer Daten zust\u00e4ndige Person ist Gerard Arlandes Ma\u00f1\u00e0, mit NIF: 40903813S und Anschrift in Barcelona, C \/ Muntaner, 45, 2\u00ba-1\u00aa &#8211; CP: 08011. Wir informieren Sie, dass wir die von Ihnen zur Verf\u00fcgung gestellten Informationen behandeln werden, um Ihre Informationsanfrage zu beantworten und Ihnen eine kommerzielle Kommunikation \u00fcber unsere Dienstleistungen zu senden, die f\u00fcr Sie von Interesse sein k\u00f6nnte. Sie m\u00f6chten keine kommerziellen Informationen erhalten, bitte informieren Sie uns, indem Sie eine E-Mail an info@www.gerardarlandes.com senden. Die angegebenen pers\u00f6nlichen Daten werden so lange gespeichert, wie Sie keine L\u00f6schung verlangen.<br \/>\nWir werden Ihre Daten nicht mitteilen. Wir weisen Sie darauf hin, dass Sie das Recht haben, auf Ihre pers\u00f6nlichen Daten zuzugreifen, die Korrektur unrichtiger Daten anzufordern oder, falls erforderlich, deren L\u00f6schung zu verlangen. Unter bestimmten Umst\u00e4nden k\u00f6nnen Sie sich der Einschr\u00e4nkung der Verarbeitung Ihrer Daten widersetzen oder diese beantragen. In diesem Fall werden wir sie nur aus berechtigten zwingenden Gr\u00fcnden oder der Aus\u00fcbung oder Verteidigung m\u00f6glicher Anspr\u00fcche behalten.<\/p>\n","protected":false},"excerpt":{"rendered":"<p>Wir informieren Sie dar\u00fcber, dass wir gem\u00e4\u00df der Datenschutzrichtlinie (EU) 2016\/679 folgende Informationen zur Verf\u00fcgung stellen: Die f\u00fcr die Verarbeitung Ihrer Daten zust\u00e4ndige Person ist Gerard Arlandes Ma\u00f1\u00e0, mit NIF: 40903813S und Anschrift in Barcelona, C \/ Muntaner, 45, 2\u00ba-1\u00aa &#8211; CP: 08011. Wir informieren Sie, dass wir die von Ihnen zur Verf\u00fcgung gestellten Informationen [&hellip;]<\/p>\n","protected":false},"author":1,"featured_media":0,"parent":0,"menu_order":0,"comment_status":"closed","ping_status":"closed","template":"","meta":{"_acf_changed":false,"footnotes":""},"class_list":["post-986","page","type-page","status-publish","hentry"],"acf":[],"yoast_head":"<!-- This site is optimized with the Yoast SEO plugin v27.4 - https:\/\/yoast.com\/product\/yoast-seo-wordpress\/ -->\n<title>Datenschutzrichtlinie - Arlandes Center<\/title>\n<meta name=\"robots\" content=\"index, follow, max-snippet:-1, max-image-preview:large, max-video-preview:-1\" \/>\n<link rel=\"canonical\" href=\"https:\/\/www.gerardarlandes.com\/de\/datenschutzrichtlinie\/\" \/>\n<meta property=\"og:locale\" content=\"de_DE\" \/>\n<meta property=\"og:type\" content=\"article\" \/>\n<meta property=\"og:title\" content=\"Datenschutzrichtlinie - Arlandes Center\" \/>\n<meta property=\"og:description\" content=\"Wir informieren Sie dar\u00fcber, dass wir gem\u00e4\u00df der Datenschutzrichtlinie (EU) 2016\/679 folgende Informationen zur Verf\u00fcgung stellen: Die f\u00fcr die Verarbeitung Ihrer Daten zust\u00e4ndige Person ist Gerard Arlandes Ma\u00f1\u00e0, mit NIF: 40903813S und Anschrift in Barcelona, C \/ Muntaner, 45, 2\u00ba-1\u00aa &#8211; CP: 08011. Wir informieren Sie, dass wir die von Ihnen zur Verf\u00fcgung gestellten Informationen [&hellip;]\" \/>\n<meta property=\"og:url\" content=\"https:\/\/www.gerardarlandes.com\/de\/datenschutzrichtlinie\/\" \/>\n<meta property=\"og:site_name\" content=\"Arlandes Center\" \/>\n<meta property=\"article:publisher\" content=\"https:\/\/www.facebook.com\/CentreGerardArlandes\/?ref=ts\" \/>\n<meta name=\"twitter:card\" content=\"summary_large_image\" \/>\n<meta name=\"twitter:site\" content=\"@GerardArlandes\" \/>\n<meta name=\"twitter:label1\" content=\"Gesch\u00e4tzte Lesezeit\" \/>\n\t<meta name=\"twitter:data1\" content=\"1\u00a0Minute\" \/>\n<script type=\"application\/ld+json\" class=\"yoast-schema-graph\">{\"@context\":\"https:\\\/\\\/schema.org\",\"@graph\":[{\"@type\":\"WebPage\",\"@id\":\"https:\\\/\\\/www.gerardarlandes.com\\\/de\\\/datenschutzrichtlinie\\\/\",\"url\":\"https:\\\/\\\/www.gerardarlandes.com\\\/de\\\/datenschutzrichtlinie\\\/\",\"name\":\"Datenschutzrichtlinie - Arlandes Center\",\"isPartOf\":{\"@id\":\"https:\\\/\\\/www.gerardarlandes.com\\\/de\\\/#website\"},\"datePublished\":\"2018-06-14T15:50:41+00:00\",\"breadcrumb\":{\"@id\":\"https:\\\/\\\/www.gerardarlandes.com\\\/de\\\/datenschutzrichtlinie\\\/#breadcrumb\"},\"inLanguage\":\"de\",\"potentialAction\":[{\"@type\":\"ReadAction\",\"target\":[\"https:\\\/\\\/www.gerardarlandes.com\\\/de\\\/datenschutzrichtlinie\\\/\"]}]},{\"@type\":\"BreadcrumbList\",\"@id\":\"https:\\\/\\\/www.gerardarlandes.com\\\/de\\\/datenschutzrichtlinie\\\/#breadcrumb\",\"itemListElement\":[{\"@type\":\"ListItem\",\"position\":1,\"name\":\"Portada\",\"item\":\"https:\\\/\\\/www.gerardarlandes.com\\\/de\\\/\"},{\"@type\":\"ListItem\",\"position\":2,\"name\":\"Datenschutzrichtlinie\"}]},{\"@type\":\"WebSite\",\"@id\":\"https:\\\/\\\/www.gerardarlandes.com\\\/de\\\/#website\",\"url\":\"https:\\\/\\\/www.gerardarlandes.com\\\/de\\\/\",\"name\":\"Centre Arlandes\",\"description\":\"Kurse und Workshops in Qigong, Taiji, Meditation und Ausbildung fuer Profis in Barcelona.\",\"publisher\":{\"@id\":\"https:\\\/\\\/www.gerardarlandes.com\\\/de\\\/#organization\"},\"potentialAction\":[{\"@type\":\"SearchAction\",\"target\":{\"@type\":\"EntryPoint\",\"urlTemplate\":\"https:\\\/\\\/www.gerardarlandes.com\\\/de\\\/?s={search_term_string}\"},\"query-input\":{\"@type\":\"PropertyValueSpecification\",\"valueRequired\":true,\"valueName\":\"search_term_string\"}}],\"inLanguage\":\"de\"},{\"@type\":\"Organization\",\"@id\":\"https:\\\/\\\/www.gerardarlandes.com\\\/de\\\/#organization\",\"name\":\"Centre Arlandes\",\"url\":\"https:\\\/\\\/www.gerardarlandes.com\\\/de\\\/\",\"logo\":{\"@type\":\"ImageObject\",\"inLanguage\":\"de\",\"@id\":\"https:\\\/\\\/www.gerardarlandes.com\\\/de\\\/#\\\/schema\\\/logo\\\/image\\\/\",\"url\":\"https:\\\/\\\/www.gerardarlandes.com\\\/wp-content\\\/uploads\\\/2016\\\/09\\\/logo_header_2.gif\",\"contentUrl\":\"https:\\\/\\\/www.gerardarlandes.com\\\/wp-content\\\/uploads\\\/2016\\\/09\\\/logo_header_2.gif\",\"width\":528,\"height\":74,\"caption\":\"Centre Arlandes\"},\"image\":{\"@id\":\"https:\\\/\\\/www.gerardarlandes.com\\\/de\\\/#\\\/schema\\\/logo\\\/image\\\/\"},\"sameAs\":[\"https:\\\/\\\/www.facebook.com\\\/CentreGerardArlandes\\\/?ref=ts\",\"https:\\\/\\\/x.com\\\/GerardArlandes\",\"https:\\\/\\\/www.youtube.com\\\/channel\\\/UCDYJYCraYsK4wZIR3z0JOrA\"]}]}<\/script>\n<!-- \/ Yoast SEO plugin. -->","yoast_head_json":{"title":"Datenschutzrichtlinie - Arlandes Center","robots":{"index":"index","follow":"follow","max-snippet":"max-snippet:-1","max-image-preview":"max-image-preview:large","max-video-preview":"max-video-preview:-1"},"canonical":"https:\/\/www.gerardarlandes.com\/de\/datenschutzrichtlinie\/","og_locale":"de_DE","og_type":"article","og_title":"Datenschutzrichtlinie - Arlandes Center","og_description":"Wir informieren Sie dar\u00fcber, dass wir gem\u00e4\u00df der Datenschutzrichtlinie (EU) 2016\/679 folgende Informationen zur Verf\u00fcgung stellen: Die f\u00fcr die Verarbeitung Ihrer Daten zust\u00e4ndige Person ist Gerard Arlandes Ma\u00f1\u00e0, mit NIF: 40903813S und Anschrift in Barcelona, C \/ Muntaner, 45, 2\u00ba-1\u00aa &#8211; CP: 08011. Wir informieren Sie, dass wir die von Ihnen zur Verf\u00fcgung gestellten Informationen [&hellip;]","og_url":"https:\/\/www.gerardarlandes.com\/de\/datenschutzrichtlinie\/","og_site_name":"Arlandes Center","article_publisher":"https:\/\/www.facebook.com\/CentreGerardArlandes\/?ref=ts","twitter_card":"summary_large_image","twitter_site":"@GerardArlandes","twitter_misc":{"Gesch\u00e4tzte Lesezeit":"1\u00a0Minute"},"schema":{"@context":"https:\/\/schema.org","@graph":[{"@type":"WebPage","@id":"https:\/\/www.gerardarlandes.com\/de\/datenschutzrichtlinie\/","url":"https:\/\/www.gerardarlandes.com\/de\/datenschutzrichtlinie\/","name":"Datenschutzrichtlinie - Arlandes Center","isPartOf":{"@id":"https:\/\/www.gerardarlandes.com\/de\/#website"},"datePublished":"2018-06-14T15:50:41+00:00","breadcrumb":{"@id":"https:\/\/www.gerardarlandes.com\/de\/datenschutzrichtlinie\/#breadcrumb"},"inLanguage":"de","potentialAction":[{"@type":"ReadAction","target":["https:\/\/www.gerardarlandes.com\/de\/datenschutzrichtlinie\/"]}]},{"@type":"BreadcrumbList","@id":"https:\/\/www.gerardarlandes.com\/de\/datenschutzrichtlinie\/#breadcrumb","itemListElement":[{"@type":"ListItem","position":1,"name":"Portada","item":"https:\/\/www.gerardarlandes.com\/de\/"},{"@type":"ListItem","position":2,"name":"Datenschutzrichtlinie"}]},{"@type":"WebSite","@id":"https:\/\/www.gerardarlandes.com\/de\/#website","url":"https:\/\/www.gerardarlandes.com\/de\/","name":"Centre Arlandes","description":"Kurse und Workshops in Qigong, Taiji, Meditation und Ausbildung fuer Profis in Barcelona.","publisher":{"@id":"https:\/\/www.gerardarlandes.com\/de\/#organization"},"potentialAction":[{"@type":"SearchAction","target":{"@type":"EntryPoint","urlTemplate":"https:\/\/www.gerardarlandes.com\/de\/?s={search_term_string}"},"query-input":{"@type":"PropertyValueSpecification","valueRequired":true,"valueName":"search_term_string"}}],"inLanguage":"de"},{"@type":"Organization","@id":"https:\/\/www.gerardarlandes.com\/de\/#organization","name":"Centre Arlandes","url":"https:\/\/www.gerardarlandes.com\/de\/","logo":{"@type":"ImageObject","inLanguage":"de","@id":"https:\/\/www.gerardarlandes.com\/de\/#\/schema\/logo\/image\/","url":"https:\/\/www.gerardarlandes.com\/wp-content\/uploads\/2016\/09\/logo_header_2.gif","contentUrl":"https:\/\/www.gerardarlandes.com\/wp-content\/uploads\/2016\/09\/logo_header_2.gif","width":528,"height":74,"caption":"Centre Arlandes"},"image":{"@id":"https:\/\/www.gerardarlandes.com\/de\/#\/schema\/logo\/image\/"},"sameAs":["https:\/\/www.facebook.com\/CentreGerardArlandes\/?ref=ts","https:\/\/x.com\/GerardArlandes","https:\/\/www.youtube.com\/channel\/UCDYJYCraYsK4wZIR3z0JOrA"]}]}},"_links":{"self":[{"href":"https:\/\/www.gerardarlandes.com\/de\/wp-json\/wp\/v2\/pages\/986","targetHints":{"allow":["GET"]}}],"collection":[{"href":"https:\/\/www.gerardarlandes.com\/de\/wp-json\/wp\/v2\/pages"}],"about":[{"href":"https:\/\/www.gerardarlandes.com\/de\/wp-json\/wp\/v2\/types\/page"}],"author":[{"embeddable":true,"href":"https:\/\/www.gerardarlandes.com\/de\/wp-json\/wp\/v2\/users\/1"}],"replies":[{"embeddable":true,"href":"https:\/\/www.gerardarlandes.com\/de\/wp-json\/wp\/v2\/comments?post=986"}],"version-history":[{"count":0,"href":"https:\/\/www.gerardarlandes.com\/de\/wp-json\/wp\/v2\/pages\/986\/revisions"}],"wp:attachment":[{"href":"https:\/\/www.gerardarlandes.com\/de\/wp-json\/wp\/v2\/media?parent=986"}],"curies":[{"name":"wp","href":"https:\/\/api.w.org\/{rel}","templated":true}]}}